{"id":19503,"date":"2025-01-09T08:51:05","date_gmt":"2025-01-09T08:51:05","guid":{"rendered":"https:\/\/www.vusion.com\/?page_id=19503"},"modified":"2025-05-29T18:27:45","modified_gmt":"2025-05-29T18:27:45","slug":"collaboration-data-monetization","status":"publish","type":"page","link":"https:\/\/www.vusion.com\/fr\/solutions\/collaboration-data-monetization\/","title":{"rendered":"Collaboration\u200b &#038; Data Monetization\u200b"},"content":{"rendered":"","protected":false},"excerpt":{"rendered":"","protected":false},"author":43,"featured_media":0,"parent":6382,"menu_order":0,"comment_status":"closed","ping_status":"closed","template":"","meta":{"_acf_changed":false,"footnotes":""},"class_list":["post-19503","page","type-page","status-publish","hentry"],"acf":[],"yoast_head":"<!-- This site is optimized with the Yoast SEO plugin v27.4 - https:\/\/yoast.com\/product\/yoast-seo-wordpress\/ -->\n<title>Collaboration\u200b &amp; Data Monetization\u200b | VusionGroup<\/title>\n<meta name=\"description\" content=\"La collaboration et la mon\u00e9tisation des donn\u00e9es de VusionGroup permettent aux distributeurs de produits de grande consommation d&#039;obtenir des informations, d&#039;assurer la conformit\u00e9 et de g\u00e9n\u00e9rer des revenus par le biais de la gestion des cat\u00e9gories.\" \/>\n<meta name=\"robots\" content=\"index, follow, max-snippet:-1, max-image-preview:large, max-video-preview:-1\" \/>\n<link rel=\"canonical\" href=\"https:\/\/www.vusion.com\/fr\/solutions\/collaboration-data-monetization\/\" \/>\n<meta property=\"og:locale\" content=\"fr_FR\" \/>\n<meta property=\"og:type\" content=\"article\" \/>\n<meta property=\"og:title\" content=\"Collaboration\u200b &amp; Data Monetization\u200b | VusionGroup\" \/>\n<meta property=\"og:description\" content=\"La collaboration et la mon\u00e9tisation des donn\u00e9es de VusionGroup permettent aux distributeurs de produits de grande consommation d&#039;obtenir des informations, d&#039;assurer la conformit\u00e9 et de g\u00e9n\u00e9rer des revenus par le biais de la gestion des cat\u00e9gories.\" \/>\n<meta property=\"og:url\" content=\"https:\/\/www.vusion.com\/fr\/solutions\/collaboration-data-monetization\/\" \/>\n<meta property=\"og:site_name\" content=\"Vusion\" \/>\n<meta property=\"article:modified_time\" content=\"2025-05-29T18:27:45+00:00\" \/>\n<meta property=\"og:image\" content=\"https:\/\/www.vusion.com\/wp-content\/uploads\/2024\/01\/Vusion_dark_V.png\" \/>\n\t<meta property=\"og:image:width\" content=\"600\" \/>\n\t<meta property=\"og:image:height\" content=\"400\" \/>\n\t<meta property=\"og:image:type\" content=\"image\/png\" \/>\n<meta name=\"twitter:card\" content=\"summary_large_image\" \/>\n<meta name=\"twitter:site\" content=\"@vusion\" \/>\n<meta name=\"twitter:label1\" content=\"Dur\u00e9e de lecture estim\u00e9e\" \/>\n\t<meta name=\"twitter:data1\" content=\"5 minutes\" \/>\n<script type=\"application\/ld+json\" class=\"yoast-schema-graph\">{\"@context\":\"https:\\\/\\\/schema.org\",\"@graph\":[{\"@type\":\"WebPage\",\"@id\":\"https:\\\/\\\/www.vusion.com\\\/fr\\\/solutions\\\/collaboration-data-monetization\\\/\",\"url\":\"https:\\\/\\\/www.vusion.com\\\/fr\\\/solutions\\\/collaboration-data-monetization\\\/\",\"name\":\"Collaboration\u200b & Data Monetization\u200b | VusionGroup\",\"isPartOf\":{\"@id\":\"https:\\\/\\\/www.vusion.com\\\/fr\\\/#website\"},\"datePublished\":\"2025-01-09T08:51:05+00:00\",\"dateModified\":\"2025-05-29T18:27:45+00:00\",\"description\":\"La collaboration et la mon\u00e9tisation des donn\u00e9es de VusionGroup permettent aux distributeurs de produits de grande consommation d'obtenir des informations, d'assurer la conformit\u00e9 et de g\u00e9n\u00e9rer des revenus par le biais de la gestion des cat\u00e9gories.\",\"breadcrumb\":{\"@id\":\"https:\\\/\\\/www.vusion.com\\\/fr\\\/solutions\\\/collaboration-data-monetization\\\/#breadcrumb\"},\"inLanguage\":\"fr-FR\",\"potentialAction\":[{\"@type\":\"ReadAction\",\"target\":[\"https:\\\/\\\/www.vusion.com\\\/fr\\\/solutions\\\/collaboration-data-monetization\\\/\"]}]},{\"@type\":\"BreadcrumbList\",\"@id\":\"https:\\\/\\\/www.vusion.com\\\/fr\\\/solutions\\\/collaboration-data-monetization\\\/#breadcrumb\",\"itemListElement\":[{\"@type\":\"ListItem\",\"position\":1,\"name\":\"Home\",\"item\":\"https:\\\/\\\/www.vusion.com\\\/fr\\\/\"},{\"@type\":\"ListItem\",\"position\":2,\"name\":\"Solutions\",\"item\":\"https:\\\/\\\/www.vusion.com\\\/fr\\\/solutions\\\/\"},{\"@type\":\"ListItem\",\"position\":3,\"name\":\"Collaboration\u200b &#038; Data Monetization\u200b\"}]},{\"@type\":\"WebSite\",\"@id\":\"https:\\\/\\\/www.vusion.com\\\/fr\\\/#website\",\"url\":\"https:\\\/\\\/www.vusion.com\\\/fr\\\/\",\"name\":\"Vusion\",\"description\":\"\",\"publisher\":{\"@id\":\"https:\\\/\\\/www.vusion.com\\\/fr\\\/#organization\"},\"potentialAction\":[{\"@type\":\"SearchAction\",\"target\":{\"@type\":\"EntryPoint\",\"urlTemplate\":\"https:\\\/\\\/www.vusion.com\\\/fr\\\/?s={search_term_string}\"},\"query-input\":{\"@type\":\"PropertyValueSpecification\",\"valueRequired\":true,\"valueName\":\"search_term_string\"}}],\"inLanguage\":\"fr-FR\"},{\"@type\":\"Organization\",\"@id\":\"https:\\\/\\\/www.vusion.com\\\/fr\\\/#organization\",\"name\":\"Vusion\",\"alternateName\":\"Vusion\",\"url\":\"https:\\\/\\\/www.vusion.com\\\/fr\\\/\",\"logo\":{\"@type\":\"ImageObject\",\"inLanguage\":\"fr-FR\",\"@id\":\"https:\\\/\\\/www.vusion.com\\\/fr\\\/#\\\/schema\\\/logo\\\/image\\\/\",\"url\":\"https:\\\/\\\/www.vusion.com\\\/wp-content\\\/uploads\\\/2023\\\/12\\\/VusionLogo.svg\",\"contentUrl\":\"https:\\\/\\\/www.vusion.com\\\/wp-content\\\/uploads\\\/2023\\\/12\\\/VusionLogo.svg\",\"width\":191,\"height\":31,\"caption\":\"Vusion\"},\"image\":{\"@id\":\"https:\\\/\\\/www.vusion.com\\\/fr\\\/#\\\/schema\\\/logo\\\/image\\\/\"},\"sameAs\":[\"https:\\\/\\\/x.com\\\/vusion\",\"https:\\\/\\\/www.linkedin.com\\\/company\\\/vusiongroup\\\/\",\"https:\\\/\\\/www.instagram.com\\\/wearevusion\\\/\",\"https:\\\/\\\/fr.wikipedia.org\\\/wiki\\\/VusionGroup\"]}]}<\/script>\n<!-- \/ Yoast SEO plugin. -->","yoast_head_json":{"title":"Collaboration\u200b & Data Monetization\u200b | VusionGroup","description":"La collaboration et la mon\u00e9tisation des donn\u00e9es de VusionGroup permettent aux distributeurs de produits de grande consommation d'obtenir des informations, d'assurer la conformit\u00e9 et de g\u00e9n\u00e9rer des revenus par le biais de la gestion des cat\u00e9gories.","robots":{"index":"index","follow":"follow","max-snippet":"max-snippet:-1","max-image-preview":"max-image-preview:large","max-video-preview":"max-video-preview:-1"},"canonical":"https:\/\/www.vusion.com\/fr\/solutions\/collaboration-data-monetization\/","og_locale":"fr_FR","og_type":"article","og_title":"Collaboration\u200b & Data Monetization\u200b | VusionGroup","og_description":"La collaboration et la mon\u00e9tisation des donn\u00e9es de VusionGroup permettent aux distributeurs de produits de grande consommation d'obtenir des informations, d'assurer la conformit\u00e9 et de g\u00e9n\u00e9rer des revenus par le biais de la gestion des cat\u00e9gories.","og_url":"https:\/\/www.vusion.com\/fr\/solutions\/collaboration-data-monetization\/","og_site_name":"Vusion","article_modified_time":"2025-05-29T18:27:45+00:00","og_image":[{"width":600,"height":400,"url":"https:\/\/www.vusion.com\/wp-content\/uploads\/2024\/01\/Vusion_dark_V.png","type":"image\/png"}],"twitter_card":"summary_large_image","twitter_site":"@vusion","twitter_misc":{"Dur\u00e9e de lecture estim\u00e9e":"5 minutes"},"schema":{"@context":"https:\/\/schema.org","@graph":[{"@type":"WebPage","@id":"https:\/\/www.vusion.com\/fr\/solutions\/collaboration-data-monetization\/","url":"https:\/\/www.vusion.com\/fr\/solutions\/collaboration-data-monetization\/","name":"Collaboration\u200b & Data Monetization\u200b | VusionGroup","isPartOf":{"@id":"https:\/\/www.vusion.com\/fr\/#website"},"datePublished":"2025-01-09T08:51:05+00:00","dateModified":"2025-05-29T18:27:45+00:00","description":"La collaboration et la mon\u00e9tisation des donn\u00e9es de VusionGroup permettent aux distributeurs de produits de grande consommation d'obtenir des informations, d'assurer la conformit\u00e9 et de g\u00e9n\u00e9rer des revenus par le biais de la gestion des cat\u00e9gories.","breadcrumb":{"@id":"https:\/\/www.vusion.com\/fr\/solutions\/collaboration-data-monetization\/#breadcrumb"},"inLanguage":"fr-FR","potentialAction":[{"@type":"ReadAction","target":["https:\/\/www.vusion.com\/fr\/solutions\/collaboration-data-monetization\/"]}]},{"@type":"BreadcrumbList","@id":"https:\/\/www.vusion.com\/fr\/solutions\/collaboration-data-monetization\/#breadcrumb","itemListElement":[{"@type":"ListItem","position":1,"name":"Home","item":"https:\/\/www.vusion.com\/fr\/"},{"@type":"ListItem","position":2,"name":"Solutions","item":"https:\/\/www.vusion.com\/fr\/solutions\/"},{"@type":"ListItem","position":3,"name":"Collaboration\u200b &#038; Data Monetization\u200b"}]},{"@type":"WebSite","@id":"https:\/\/www.vusion.com\/fr\/#website","url":"https:\/\/www.vusion.com\/fr\/","name":"Vusion","description":"","publisher":{"@id":"https:\/\/www.vusion.com\/fr\/#organization"},"potentialAction":[{"@type":"SearchAction","target":{"@type":"EntryPoint","urlTemplate":"https:\/\/www.vusion.com\/fr\/?s={search_term_string}"},"query-input":{"@type":"PropertyValueSpecification","valueRequired":true,"valueName":"search_term_string"}}],"inLanguage":"fr-FR"},{"@type":"Organization","@id":"https:\/\/www.vusion.com\/fr\/#organization","name":"Vusion","alternateName":"Vusion","url":"https:\/\/www.vusion.com\/fr\/","logo":{"@type":"ImageObject","inLanguage":"fr-FR","@id":"https:\/\/www.vusion.com\/fr\/#\/schema\/logo\/image\/","url":"https:\/\/www.vusion.com\/wp-content\/uploads\/2023\/12\/VusionLogo.svg","contentUrl":"https:\/\/www.vusion.com\/wp-content\/uploads\/2023\/12\/VusionLogo.svg","width":191,"height":31,"caption":"Vusion"},"image":{"@id":"https:\/\/www.vusion.com\/fr\/#\/schema\/logo\/image\/"},"sameAs":["https:\/\/x.com\/vusion","https:\/\/www.linkedin.com\/company\/vusiongroup\/","https:\/\/www.instagram.com\/wearevusion\/","https:\/\/fr.wikipedia.org\/wiki\/VusionGroup"]}]}},"_links":{"self":[{"href":"https:\/\/www.vusion.com\/fr\/wp-json\/wp\/v2\/pages\/19503","targetHints":{"allow":["GET"]}}],"collection":[{"href":"https:\/\/www.vusion.com\/fr\/wp-json\/wp\/v2\/pages"}],"about":[{"href":"https:\/\/www.vusion.com\/fr\/wp-json\/wp\/v2\/types\/page"}],"author":[{"embeddable":true,"href":"https:\/\/www.vusion.com\/fr\/wp-json\/wp\/v2\/users\/43"}],"replies":[{"embeddable":true,"href":"https:\/\/www.vusion.com\/fr\/wp-json\/wp\/v2\/comments?post=19503"}],"version-history":[{"count":0,"href":"https:\/\/www.vusion.com\/fr\/wp-json\/wp\/v2\/pages\/19503\/revisions"}],"up":[{"embeddable":true,"href":"https:\/\/www.vusion.com\/fr\/wp-json\/wp\/v2\/pages\/6382"}],"wp:attachment":[{"href":"https:\/\/www.vusion.com\/fr\/wp-json\/wp\/v2\/media?parent=19503"}],"curies":[{"name":"wp","href":"https:\/\/api.w.org\/{rel}","templated":true}]}}