{"id":18287,"date":"2024-12-19T13:49:17","date_gmt":"2024-12-19T13:49:17","guid":{"rendered":"https:\/\/www.vusion.com\/?page_id=18287"},"modified":"2026-01-07T17:38:37","modified_gmt":"2026-01-07T17:38:37","slug":"vusionlive","status":"publish","type":"page","link":"https:\/\/www.vusion.com\/fr\/produits\/vusionlive\/","title":{"rendered":"VusionLive"},"content":{"rendered":"","protected":false},"excerpt":{"rendered":"","protected":false},"author":43,"featured_media":0,"parent":19542,"menu_order":4,"comment_status":"closed","ping_status":"closed","template":"","meta":{"_acf_changed":false,"footnotes":""},"class_list":["post-18287","page","type-page","status-publish","hentry"],"acf":[],"yoast_head":"<!-- This site is optimized with the Yoast SEO plugin v27.4 - https:\/\/yoast.com\/product\/yoast-seo-wordpress\/ -->\n<title>VusionLive | Vusion<\/title>\n<meta name=\"description\" content=\"Optimisez les performances de votre magasin gr\u00e2ce VusionLive. Exploitez vos donn\u00e9es gr\u00e2ce \u00e0 l\u2019IA.\" \/>\n<meta name=\"robots\" content=\"index, follow, max-snippet:-1, max-image-preview:large, max-video-preview:-1\" \/>\n<link rel=\"canonical\" href=\"https:\/\/www.vusion.com\/fr\/produits\/vusionlive\/\" \/>\n<meta property=\"og:locale\" content=\"fr_FR\" \/>\n<meta property=\"og:type\" content=\"article\" \/>\n<meta property=\"og:title\" content=\"VusionLive | Vusion\" \/>\n<meta property=\"og:description\" content=\"Optimisez les performances de votre magasin gr\u00e2ce VusionLive. Exploitez vos donn\u00e9es gr\u00e2ce \u00e0 l\u2019IA.\" \/>\n<meta property=\"og:url\" content=\"https:\/\/www.vusion.com\/fr\/produits\/vusionlive\/\" \/>\n<meta property=\"og:site_name\" content=\"Vusion\" \/>\n<meta property=\"article:modified_time\" content=\"2026-01-07T17:38:37+00:00\" \/>\n<meta property=\"og:image\" content=\"https:\/\/www.vusion.com\/wp-content\/uploads\/2024\/01\/Vusion_dark_V.png\" \/>\n\t<meta property=\"og:image:width\" content=\"600\" \/>\n\t<meta property=\"og:image:height\" content=\"400\" \/>\n\t<meta property=\"og:image:type\" content=\"image\/png\" \/>\n<meta name=\"twitter:card\" content=\"summary_large_image\" \/>\n<meta name=\"twitter:site\" content=\"@vusion\" \/>\n<meta name=\"twitter:label1\" content=\"Dur\u00e9e de lecture estim\u00e9e\" \/>\n\t<meta name=\"twitter:data1\" content=\"7 minutes\" \/>\n<script type=\"application\/ld+json\" class=\"yoast-schema-graph\">{\"@context\":\"https:\\\/\\\/schema.org\",\"@graph\":[{\"@type\":\"WebPage\",\"@id\":\"https:\\\/\\\/www.vusion.com\\\/fr\\\/produits\\\/vusionlive\\\/\",\"url\":\"https:\\\/\\\/www.vusion.com\\\/fr\\\/produits\\\/vusionlive\\\/\",\"name\":\"VusionLive | Vusion\",\"isPartOf\":{\"@id\":\"https:\\\/\\\/www.vusion.com\\\/fr\\\/#website\"},\"datePublished\":\"2024-12-19T13:49:17+00:00\",\"dateModified\":\"2026-01-07T17:38:37+00:00\",\"description\":\"Optimisez les performances de votre magasin gr\u00e2ce VusionLive. Exploitez vos donn\u00e9es gr\u00e2ce \u00e0 l\u2019IA.\",\"breadcrumb\":{\"@id\":\"https:\\\/\\\/www.vusion.com\\\/fr\\\/produits\\\/vusionlive\\\/#breadcrumb\"},\"inLanguage\":\"fr-FR\",\"potentialAction\":[{\"@type\":\"ReadAction\",\"target\":[\"https:\\\/\\\/www.vusion.com\\\/fr\\\/produits\\\/vusionlive\\\/\"]}]},{\"@type\":\"BreadcrumbList\",\"@id\":\"https:\\\/\\\/www.vusion.com\\\/fr\\\/produits\\\/vusionlive\\\/#breadcrumb\",\"itemListElement\":[{\"@type\":\"ListItem\",\"position\":1,\"name\":\"Home\",\"item\":\"https:\\\/\\\/www.vusion.com\\\/fr\\\/\"},{\"@type\":\"ListItem\",\"position\":2,\"name\":\"Technologies\",\"item\":\"https:\\\/\\\/www.vusion.com\\\/fr\\\/produits\\\/\"},{\"@type\":\"ListItem\",\"position\":3,\"name\":\"VusionLive\"}]},{\"@type\":\"WebSite\",\"@id\":\"https:\\\/\\\/www.vusion.com\\\/fr\\\/#website\",\"url\":\"https:\\\/\\\/www.vusion.com\\\/fr\\\/\",\"name\":\"Vusion\",\"description\":\"\",\"publisher\":{\"@id\":\"https:\\\/\\\/www.vusion.com\\\/fr\\\/#organization\"},\"potentialAction\":[{\"@type\":\"SearchAction\",\"target\":{\"@type\":\"EntryPoint\",\"urlTemplate\":\"https:\\\/\\\/www.vusion.com\\\/fr\\\/?s={search_term_string}\"},\"query-input\":{\"@type\":\"PropertyValueSpecification\",\"valueRequired\":true,\"valueName\":\"search_term_string\"}}],\"inLanguage\":\"fr-FR\"},{\"@type\":\"Organization\",\"@id\":\"https:\\\/\\\/www.vusion.com\\\/fr\\\/#organization\",\"name\":\"Vusion\",\"alternateName\":\"Vusion\",\"url\":\"https:\\\/\\\/www.vusion.com\\\/fr\\\/\",\"logo\":{\"@type\":\"ImageObject\",\"inLanguage\":\"fr-FR\",\"@id\":\"https:\\\/\\\/www.vusion.com\\\/fr\\\/#\\\/schema\\\/logo\\\/image\\\/\",\"url\":\"https:\\\/\\\/www.vusion.com\\\/wp-content\\\/uploads\\\/2023\\\/12\\\/VusionLogo.svg\",\"contentUrl\":\"https:\\\/\\\/www.vusion.com\\\/wp-content\\\/uploads\\\/2023\\\/12\\\/VusionLogo.svg\",\"width\":191,\"height\":31,\"caption\":\"Vusion\"},\"image\":{\"@id\":\"https:\\\/\\\/www.vusion.com\\\/fr\\\/#\\\/schema\\\/logo\\\/image\\\/\"},\"sameAs\":[\"https:\\\/\\\/x.com\\\/vusion\",\"https:\\\/\\\/www.linkedin.com\\\/company\\\/vusiongroup\\\/\",\"https:\\\/\\\/www.instagram.com\\\/wearevusion\\\/\",\"https:\\\/\\\/fr.wikipedia.org\\\/wiki\\\/VusionGroup\"]}]}<\/script>\n<!-- \/ Yoast SEO plugin. -->","yoast_head_json":{"title":"VusionLive | Vusion","description":"Optimisez les performances de votre magasin gr\u00e2ce VusionLive. Exploitez vos donn\u00e9es gr\u00e2ce \u00e0 l\u2019IA.","robots":{"index":"index","follow":"follow","max-snippet":"max-snippet:-1","max-image-preview":"max-image-preview:large","max-video-preview":"max-video-preview:-1"},"canonical":"https:\/\/www.vusion.com\/fr\/produits\/vusionlive\/","og_locale":"fr_FR","og_type":"article","og_title":"VusionLive | Vusion","og_description":"Optimisez les performances de votre magasin gr\u00e2ce VusionLive. Exploitez vos donn\u00e9es gr\u00e2ce \u00e0 l\u2019IA.","og_url":"https:\/\/www.vusion.com\/fr\/produits\/vusionlive\/","og_site_name":"Vusion","article_modified_time":"2026-01-07T17:38:37+00:00","og_image":[{"width":600,"height":400,"url":"https:\/\/www.vusion.com\/wp-content\/uploads\/2024\/01\/Vusion_dark_V.png","type":"image\/png"}],"twitter_card":"summary_large_image","twitter_site":"@vusion","twitter_misc":{"Dur\u00e9e de lecture estim\u00e9e":"7 minutes"},"schema":{"@context":"https:\/\/schema.org","@graph":[{"@type":"WebPage","@id":"https:\/\/www.vusion.com\/fr\/produits\/vusionlive\/","url":"https:\/\/www.vusion.com\/fr\/produits\/vusionlive\/","name":"VusionLive | Vusion","isPartOf":{"@id":"https:\/\/www.vusion.com\/fr\/#website"},"datePublished":"2024-12-19T13:49:17+00:00","dateModified":"2026-01-07T17:38:37+00:00","description":"Optimisez les performances de votre magasin gr\u00e2ce VusionLive. Exploitez vos donn\u00e9es gr\u00e2ce \u00e0 l\u2019IA.","breadcrumb":{"@id":"https:\/\/www.vusion.com\/fr\/produits\/vusionlive\/#breadcrumb"},"inLanguage":"fr-FR","potentialAction":[{"@type":"ReadAction","target":["https:\/\/www.vusion.com\/fr\/produits\/vusionlive\/"]}]},{"@type":"BreadcrumbList","@id":"https:\/\/www.vusion.com\/fr\/produits\/vusionlive\/#breadcrumb","itemListElement":[{"@type":"ListItem","position":1,"name":"Home","item":"https:\/\/www.vusion.com\/fr\/"},{"@type":"ListItem","position":2,"name":"Technologies","item":"https:\/\/www.vusion.com\/fr\/produits\/"},{"@type":"ListItem","position":3,"name":"VusionLive"}]},{"@type":"WebSite","@id":"https:\/\/www.vusion.com\/fr\/#website","url":"https:\/\/www.vusion.com\/fr\/","name":"Vusion","description":"","publisher":{"@id":"https:\/\/www.vusion.com\/fr\/#organization"},"potentialAction":[{"@type":"SearchAction","target":{"@type":"EntryPoint","urlTemplate":"https:\/\/www.vusion.com\/fr\/?s={search_term_string}"},"query-input":{"@type":"PropertyValueSpecification","valueRequired":true,"valueName":"search_term_string"}}],"inLanguage":"fr-FR"},{"@type":"Organization","@id":"https:\/\/www.vusion.com\/fr\/#organization","name":"Vusion","alternateName":"Vusion","url":"https:\/\/www.vusion.com\/fr\/","logo":{"@type":"ImageObject","inLanguage":"fr-FR","@id":"https:\/\/www.vusion.com\/fr\/#\/schema\/logo\/image\/","url":"https:\/\/www.vusion.com\/wp-content\/uploads\/2023\/12\/VusionLogo.svg","contentUrl":"https:\/\/www.vusion.com\/wp-content\/uploads\/2023\/12\/VusionLogo.svg","width":191,"height":31,"caption":"Vusion"},"image":{"@id":"https:\/\/www.vusion.com\/fr\/#\/schema\/logo\/image\/"},"sameAs":["https:\/\/x.com\/vusion","https:\/\/www.linkedin.com\/company\/vusiongroup\/","https:\/\/www.instagram.com\/wearevusion\/","https:\/\/fr.wikipedia.org\/wiki\/VusionGroup"]}]}},"_links":{"self":[{"href":"https:\/\/www.vusion.com\/fr\/wp-json\/wp\/v2\/pages\/18287","targetHints":{"allow":["GET"]}}],"collection":[{"href":"https:\/\/www.vusion.com\/fr\/wp-json\/wp\/v2\/pages"}],"about":[{"href":"https:\/\/www.vusion.com\/fr\/wp-json\/wp\/v2\/types\/page"}],"author":[{"embeddable":true,"href":"https:\/\/www.vusion.com\/fr\/wp-json\/wp\/v2\/users\/43"}],"replies":[{"embeddable":true,"href":"https:\/\/www.vusion.com\/fr\/wp-json\/wp\/v2\/comments?post=18287"}],"version-history":[{"count":0,"href":"https:\/\/www.vusion.com\/fr\/wp-json\/wp\/v2\/pages\/18287\/revisions"}],"up":[{"embeddable":true,"href":"https:\/\/www.vusion.com\/fr\/wp-json\/wp\/v2\/pages\/19542"}],"wp:attachment":[{"href":"https:\/\/www.vusion.com\/fr\/wp-json\/wp\/v2\/media?parent=18287"}],"curies":[{"name":"wp","href":"https:\/\/api.w.org\/{rel}","templated":true}]}}