{"id":19417,"date":"2025-01-10T08:30:35","date_gmt":"2025-01-10T08:30:35","guid":{"rendered":"https:\/\/www.vusion.com\/?page_id=19417"},"modified":"2025-01-10T08:30:46","modified_gmt":"2025-01-10T08:30:46","slug":"soluciones-3","status":"publish","type":"page","link":"https:\/\/www.vusion.com\/es\/soluciones-3\/","title":{"rendered":"Soluciones"},"content":{"rendered":"","protected":false},"excerpt":{"rendered":"","protected":false},"author":43,"featured_media":0,"parent":0,"menu_order":2,"comment_status":"closed","ping_status":"closed","template":"","meta":{"_acf_changed":false,"footnotes":""},"class_list":["post-19417","page","type-page","status-publish","hentry"],"acf":[],"yoast_head":"<!-- This site is optimized with the Yoast SEO plugin v27.3 - https:\/\/yoast.com\/product\/yoast-seo-wordpress\/ -->\n<title>Inventory Management and Retail Analytics | VusionGroup\u202f\u202f(ES)<\/title>\n<meta name=\"description\" content=\"C\u00f3mo mejoran las soluciones de comercio sostenible de VusionGroup el rendimiento de negocio y rotaci\u00f3n de inventario con an\u00e1lisis e IoT de comercio.\" \/>\n<meta name=\"robots\" content=\"index, follow, max-snippet:-1, max-image-preview:large, max-video-preview:-1\" \/>\n<link rel=\"canonical\" href=\"https:\/\/www.vusion.com\/es\/soluciones-3\/\" \/>\n<meta property=\"og:locale\" content=\"es_ES\" \/>\n<meta property=\"og:type\" content=\"article\" \/>\n<meta property=\"og:title\" content=\"Inventory Management and Retail Analytics | VusionGroup\u202f\u202f(ES)\" \/>\n<meta property=\"og:description\" content=\"C\u00f3mo mejoran las soluciones de comercio sostenible de VusionGroup el rendimiento de negocio y rotaci\u00f3n de inventario con an\u00e1lisis e IoT de comercio.\" \/>\n<meta property=\"og:url\" content=\"https:\/\/www.vusion.com\/es\/soluciones-3\/\" \/>\n<meta property=\"og:site_name\" content=\"Vusion\" \/>\n<meta property=\"article:modified_time\" content=\"2025-01-10T08:30:46+00:00\" \/>\n<meta property=\"og:image\" content=\"https:\/\/www.vusion.com\/wp-content\/uploads\/2024\/01\/Vusion_dark_V.png\" \/>\n\t<meta property=\"og:image:width\" content=\"600\" \/>\n\t<meta property=\"og:image:height\" content=\"400\" \/>\n\t<meta property=\"og:image:type\" content=\"image\/png\" \/>\n<meta name=\"twitter:card\" content=\"summary_large_image\" \/>\n<meta name=\"twitter:site\" content=\"@vusion\" \/>\n<meta name=\"twitter:label1\" content=\"Tiempo de lectura\" \/>\n\t<meta name=\"twitter:data1\" content=\"6 minutos\" \/>\n<script type=\"application\/ld+json\" class=\"yoast-schema-graph\">{\"@context\":\"https:\\\/\\\/schema.org\",\"@graph\":[{\"@type\":\"WebPage\",\"@id\":\"https:\\\/\\\/www.vusion.com\\\/es\\\/soluciones-3\\\/\",\"url\":\"https:\\\/\\\/www.vusion.com\\\/es\\\/soluciones-3\\\/\",\"name\":\"Inventory Management and Retail Analytics | VusionGroup\u202f\u202f(ES)\",\"isPartOf\":{\"@id\":\"https:\\\/\\\/www.vusion.com\\\/es\\\/#website\"},\"datePublished\":\"2025-01-10T08:30:35+00:00\",\"dateModified\":\"2025-01-10T08:30:46+00:00\",\"description\":\"C\u00f3mo mejoran las soluciones de comercio sostenible de VusionGroup el rendimiento de negocio y rotaci\u00f3n de inventario con an\u00e1lisis e IoT de comercio.\",\"breadcrumb\":{\"@id\":\"https:\\\/\\\/www.vusion.com\\\/es\\\/soluciones-3\\\/#breadcrumb\"},\"inLanguage\":\"es\",\"potentialAction\":[{\"@type\":\"ReadAction\",\"target\":[\"https:\\\/\\\/www.vusion.com\\\/es\\\/soluciones-3\\\/\"]}]},{\"@type\":\"BreadcrumbList\",\"@id\":\"https:\\\/\\\/www.vusion.com\\\/es\\\/soluciones-3\\\/#breadcrumb\",\"itemListElement\":[{\"@type\":\"ListItem\",\"position\":1,\"name\":\"Home\",\"item\":\"https:\\\/\\\/www.vusion.com\\\/es\\\/\"},{\"@type\":\"ListItem\",\"position\":2,\"name\":\"Soluciones\"}]},{\"@type\":\"WebSite\",\"@id\":\"https:\\\/\\\/www.vusion.com\\\/es\\\/#website\",\"url\":\"https:\\\/\\\/www.vusion.com\\\/es\\\/\",\"name\":\"Vusion\",\"description\":\"\",\"publisher\":{\"@id\":\"https:\\\/\\\/www.vusion.com\\\/es\\\/#organization\"},\"potentialAction\":[{\"@type\":\"SearchAction\",\"target\":{\"@type\":\"EntryPoint\",\"urlTemplate\":\"https:\\\/\\\/www.vusion.com\\\/es\\\/?s={search_term_string}\"},\"query-input\":{\"@type\":\"PropertyValueSpecification\",\"valueRequired\":true,\"valueName\":\"search_term_string\"}}],\"inLanguage\":\"es\"},{\"@type\":\"Organization\",\"@id\":\"https:\\\/\\\/www.vusion.com\\\/es\\\/#organization\",\"name\":\"Vusion\",\"alternateName\":\"Vusion\",\"url\":\"https:\\\/\\\/www.vusion.com\\\/es\\\/\",\"logo\":{\"@type\":\"ImageObject\",\"inLanguage\":\"es\",\"@id\":\"https:\\\/\\\/www.vusion.com\\\/es\\\/#\\\/schema\\\/logo\\\/image\\\/\",\"url\":\"https:\\\/\\\/www.vusion.com\\\/wp-content\\\/uploads\\\/2023\\\/12\\\/VusionLogo.svg\",\"contentUrl\":\"https:\\\/\\\/www.vusion.com\\\/wp-content\\\/uploads\\\/2023\\\/12\\\/VusionLogo.svg\",\"width\":191,\"height\":31,\"caption\":\"Vusion\"},\"image\":{\"@id\":\"https:\\\/\\\/www.vusion.com\\\/es\\\/#\\\/schema\\\/logo\\\/image\\\/\"},\"sameAs\":[\"https:\\\/\\\/x.com\\\/vusion\",\"https:\\\/\\\/www.linkedin.com\\\/company\\\/vusiongroup\\\/\",\"https:\\\/\\\/www.instagram.com\\\/wearevusion\\\/\",\"https:\\\/\\\/en.wikipedia.org\\\/wiki\\\/VusionGroup\"]}]}<\/script>\n<!-- \/ Yoast SEO plugin. -->","yoast_head_json":{"title":"Inventory Management and Retail Analytics | VusionGroup\u202f\u202f(ES)","description":"C\u00f3mo mejoran las soluciones de comercio sostenible de VusionGroup el rendimiento de negocio y rotaci\u00f3n de inventario con an\u00e1lisis e IoT de comercio.","robots":{"index":"index","follow":"follow","max-snippet":"max-snippet:-1","max-image-preview":"max-image-preview:large","max-video-preview":"max-video-preview:-1"},"canonical":"https:\/\/www.vusion.com\/es\/soluciones-3\/","og_locale":"es_ES","og_type":"article","og_title":"Inventory Management and Retail Analytics | VusionGroup\u202f\u202f(ES)","og_description":"C\u00f3mo mejoran las soluciones de comercio sostenible de VusionGroup el rendimiento de negocio y rotaci\u00f3n de inventario con an\u00e1lisis e IoT de comercio.","og_url":"https:\/\/www.vusion.com\/es\/soluciones-3\/","og_site_name":"Vusion","article_modified_time":"2025-01-10T08:30:46+00:00","og_image":[{"width":600,"height":400,"url":"https:\/\/www.vusion.com\/wp-content\/uploads\/2024\/01\/Vusion_dark_V.png","type":"image\/png"}],"twitter_card":"summary_large_image","twitter_site":"@vusion","twitter_misc":{"Tiempo de lectura":"6 minutos"},"schema":{"@context":"https:\/\/schema.org","@graph":[{"@type":"WebPage","@id":"https:\/\/www.vusion.com\/es\/soluciones-3\/","url":"https:\/\/www.vusion.com\/es\/soluciones-3\/","name":"Inventory Management and Retail Analytics | VusionGroup\u202f\u202f(ES)","isPartOf":{"@id":"https:\/\/www.vusion.com\/es\/#website"},"datePublished":"2025-01-10T08:30:35+00:00","dateModified":"2025-01-10T08:30:46+00:00","description":"C\u00f3mo mejoran las soluciones de comercio sostenible de VusionGroup el rendimiento de negocio y rotaci\u00f3n de inventario con an\u00e1lisis e IoT de comercio.","breadcrumb":{"@id":"https:\/\/www.vusion.com\/es\/soluciones-3\/#breadcrumb"},"inLanguage":"es","potentialAction":[{"@type":"ReadAction","target":["https:\/\/www.vusion.com\/es\/soluciones-3\/"]}]},{"@type":"BreadcrumbList","@id":"https:\/\/www.vusion.com\/es\/soluciones-3\/#breadcrumb","itemListElement":[{"@type":"ListItem","position":1,"name":"Home","item":"https:\/\/www.vusion.com\/es\/"},{"@type":"ListItem","position":2,"name":"Soluciones"}]},{"@type":"WebSite","@id":"https:\/\/www.vusion.com\/es\/#website","url":"https:\/\/www.vusion.com\/es\/","name":"Vusion","description":"","publisher":{"@id":"https:\/\/www.vusion.com\/es\/#organization"},"potentialAction":[{"@type":"SearchAction","target":{"@type":"EntryPoint","urlTemplate":"https:\/\/www.vusion.com\/es\/?s={search_term_string}"},"query-input":{"@type":"PropertyValueSpecification","valueRequired":true,"valueName":"search_term_string"}}],"inLanguage":"es"},{"@type":"Organization","@id":"https:\/\/www.vusion.com\/es\/#organization","name":"Vusion","alternateName":"Vusion","url":"https:\/\/www.vusion.com\/es\/","logo":{"@type":"ImageObject","inLanguage":"es","@id":"https:\/\/www.vusion.com\/es\/#\/schema\/logo\/image\/","url":"https:\/\/www.vusion.com\/wp-content\/uploads\/2023\/12\/VusionLogo.svg","contentUrl":"https:\/\/www.vusion.com\/wp-content\/uploads\/2023\/12\/VusionLogo.svg","width":191,"height":31,"caption":"Vusion"},"image":{"@id":"https:\/\/www.vusion.com\/es\/#\/schema\/logo\/image\/"},"sameAs":["https:\/\/x.com\/vusion","https:\/\/www.linkedin.com\/company\/vusiongroup\/","https:\/\/www.instagram.com\/wearevusion\/","https:\/\/en.wikipedia.org\/wiki\/VusionGroup"]}]}},"_links":{"self":[{"href":"https:\/\/www.vusion.com\/es\/wp-json\/wp\/v2\/pages\/19417","targetHints":{"allow":["GET"]}}],"collection":[{"href":"https:\/\/www.vusion.com\/es\/wp-json\/wp\/v2\/pages"}],"about":[{"href":"https:\/\/www.vusion.com\/es\/wp-json\/wp\/v2\/types\/page"}],"author":[{"embeddable":true,"href":"https:\/\/www.vusion.com\/es\/wp-json\/wp\/v2\/users\/43"}],"replies":[{"embeddable":true,"href":"https:\/\/www.vusion.com\/es\/wp-json\/wp\/v2\/comments?post=19417"}],"version-history":[{"count":0,"href":"https:\/\/www.vusion.com\/es\/wp-json\/wp\/v2\/pages\/19417\/revisions"}],"wp:attachment":[{"href":"https:\/\/www.vusion.com\/es\/wp-json\/wp\/v2\/media?parent=19417"}],"curies":[{"name":"wp","href":"https:\/\/api.w.org\/{rel}","templated":true}]}}