{"id":12013,"date":"2023-12-11T14:36:17","date_gmt":"2023-12-11T14:36:17","guid":{"rendered":"https:\/\/www.vusion.com\/?page_id=12013"},"modified":"2025-02-05T16:10:06","modified_gmt":"2025-02-05T16:10:06","slug":"vusionox","status":"publish","type":"page","link":"https:\/\/www.vusion.com\/de\/produkte\/vusioncloud\/vusionox\/","title":{"rendered":"VusionOX"},"content":{"rendered":"","protected":false},"excerpt":{"rendered":"","protected":false},"author":13,"featured_media":0,"parent":19677,"menu_order":0,"comment_status":"closed","ping_status":"closed","template":"","meta":{"_acf_changed":false,"footnotes":""},"class_list":["post-12013","page","type-page","status-publish","hentry"],"acf":[],"yoast_head":"<!-- This site is optimized with the Yoast SEO plugin v27.4 - https:\/\/yoast.com\/product\/yoast-seo-wordpress\/ -->\n<title>VusionOX | VusionGroup<\/title>\n<meta name=\"description\" content=\"VusionOX, basierend auf Bluetooth LE, ist ein auf Skalierbarkeit ausgerichtetes Grundger\u00fcst, das speziell f\u00fcr Erweiterungen konzipiert wurde und seine Zuverl\u00e4ssigkeit bereits in einem Einzelhandelsgesch\u00e4ft mit mehr als 120.000 Ger\u00e4ten unter Beweis gestellt hat.\" \/>\n<meta name=\"robots\" content=\"index, follow, max-snippet:-1, max-image-preview:large, max-video-preview:-1\" \/>\n<link rel=\"canonical\" href=\"https:\/\/www.vusion.com\/de\/produkte\/vusioncloud\/vusionox\/\" \/>\n<meta property=\"og:locale\" content=\"de_DE\" \/>\n<meta property=\"og:type\" content=\"article\" \/>\n<meta property=\"og:title\" content=\"VusionOX | VusionGroup\" \/>\n<meta property=\"og:description\" content=\"VusionOX, basierend auf Bluetooth LE, ist ein auf Skalierbarkeit ausgerichtetes Grundger\u00fcst, das speziell f\u00fcr Erweiterungen konzipiert wurde und seine Zuverl\u00e4ssigkeit bereits in einem Einzelhandelsgesch\u00e4ft mit mehr als 120.000 Ger\u00e4ten unter Beweis gestellt hat.\" \/>\n<meta property=\"og:url\" content=\"https:\/\/www.vusion.com\/de\/produkte\/vusioncloud\/vusionox\/\" \/>\n<meta property=\"og:site_name\" content=\"Vusion\" \/>\n<meta property=\"article:modified_time\" content=\"2025-02-05T16:10:06+00:00\" \/>\n<meta property=\"og:image\" content=\"https:\/\/www.vusion.com\/wp-content\/uploads\/2024\/01\/Vusion_dark_V.png\" \/>\n\t<meta property=\"og:image:width\" content=\"600\" \/>\n\t<meta property=\"og:image:height\" content=\"400\" \/>\n\t<meta property=\"og:image:type\" content=\"image\/png\" \/>\n<meta name=\"twitter:card\" content=\"summary_large_image\" \/>\n<meta name=\"twitter:site\" content=\"@vusion\" \/>\n<meta name=\"twitter:label1\" content=\"Gesch\u00e4tzte Lesezeit\" \/>\n\t<meta name=\"twitter:data1\" content=\"5 Minuten\" \/>\n<script type=\"application\/ld+json\" class=\"yoast-schema-graph\">{\"@context\":\"https:\\\/\\\/schema.org\",\"@graph\":[{\"@type\":\"WebPage\",\"@id\":\"https:\\\/\\\/www.vusion.com\\\/de\\\/produkte\\\/vusioncloud\\\/vusionox\\\/\",\"url\":\"https:\\\/\\\/www.vusion.com\\\/de\\\/produkte\\\/vusioncloud\\\/vusionox\\\/\",\"name\":\"VusionOX | VusionGroup\",\"isPartOf\":{\"@id\":\"https:\\\/\\\/www.vusion.com\\\/de\\\/#website\"},\"datePublished\":\"2023-12-11T14:36:17+00:00\",\"dateModified\":\"2025-02-05T16:10:06+00:00\",\"description\":\"VusionOX, basierend auf Bluetooth LE, ist ein auf Skalierbarkeit ausgerichtetes Grundger\u00fcst, das speziell f\u00fcr Erweiterungen konzipiert wurde und seine Zuverl\u00e4ssigkeit bereits in einem Einzelhandelsgesch\u00e4ft mit mehr als 120.000 Ger\u00e4ten unter Beweis gestellt hat.\",\"breadcrumb\":{\"@id\":\"https:\\\/\\\/www.vusion.com\\\/de\\\/produkte\\\/vusioncloud\\\/vusionox\\\/#breadcrumb\"},\"inLanguage\":\"de-DE\",\"potentialAction\":[{\"@type\":\"ReadAction\",\"target\":[\"https:\\\/\\\/www.vusion.com\\\/de\\\/produkte\\\/vusioncloud\\\/vusionox\\\/\"]}]},{\"@type\":\"BreadcrumbList\",\"@id\":\"https:\\\/\\\/www.vusion.com\\\/de\\\/produkte\\\/vusioncloud\\\/vusionox\\\/#breadcrumb\",\"itemListElement\":[{\"@type\":\"ListItem\",\"position\":1,\"name\":\"Home\",\"item\":\"https:\\\/\\\/www.vusion.com\\\/de\\\/\"},{\"@type\":\"ListItem\",\"position\":2,\"name\":\"Produkte\",\"item\":\"https:\\\/\\\/www.vusion.com\\\/de\\\/produkte\\\/\"},{\"@type\":\"ListItem\",\"position\":3,\"name\":\"IoT Cloud Platform\",\"item\":\"https:\\\/\\\/www.vusion.com\\\/de\\\/produkte\\\/vusioncloud\\\/\"},{\"@type\":\"ListItem\",\"position\":4,\"name\":\"VusionOX\"}]},{\"@type\":\"WebSite\",\"@id\":\"https:\\\/\\\/www.vusion.com\\\/de\\\/#website\",\"url\":\"https:\\\/\\\/www.vusion.com\\\/de\\\/\",\"name\":\"Vusion\",\"description\":\"\",\"publisher\":{\"@id\":\"https:\\\/\\\/www.vusion.com\\\/de\\\/#organization\"},\"potentialAction\":[{\"@type\":\"SearchAction\",\"target\":{\"@type\":\"EntryPoint\",\"urlTemplate\":\"https:\\\/\\\/www.vusion.com\\\/de\\\/?s={search_term_string}\"},\"query-input\":{\"@type\":\"PropertyValueSpecification\",\"valueRequired\":true,\"valueName\":\"search_term_string\"}}],\"inLanguage\":\"de-DE\"},{\"@type\":\"Organization\",\"@id\":\"https:\\\/\\\/www.vusion.com\\\/de\\\/#organization\",\"name\":\"Vusion\",\"alternateName\":\"Vusion\",\"url\":\"https:\\\/\\\/www.vusion.com\\\/de\\\/\",\"logo\":{\"@type\":\"ImageObject\",\"inLanguage\":\"de-DE\",\"@id\":\"https:\\\/\\\/www.vusion.com\\\/de\\\/#\\\/schema\\\/logo\\\/image\\\/\",\"url\":\"https:\\\/\\\/www.vusion.com\\\/wp-content\\\/uploads\\\/2023\\\/12\\\/VusionLogo.svg\",\"contentUrl\":\"https:\\\/\\\/www.vusion.com\\\/wp-content\\\/uploads\\\/2023\\\/12\\\/VusionLogo.svg\",\"width\":191,\"height\":31,\"caption\":\"Vusion\"},\"image\":{\"@id\":\"https:\\\/\\\/www.vusion.com\\\/de\\\/#\\\/schema\\\/logo\\\/image\\\/\"},\"sameAs\":[\"https:\\\/\\\/x.com\\\/vusion\",\"https:\\\/\\\/www.linkedin.com\\\/company\\\/vusiongroup\\\/\",\"https:\\\/\\\/www.instagram.com\\\/wearevusion\\\/\",\"https:\\\/\\\/en.wikipedia.org\\\/wiki\\\/VusionGroup\"]}]}<\/script>\n<!-- \/ Yoast SEO plugin. -->","yoast_head_json":{"title":"VusionOX | VusionGroup","description":"VusionOX, basierend auf Bluetooth LE, ist ein auf Skalierbarkeit ausgerichtetes Grundger\u00fcst, das speziell f\u00fcr Erweiterungen konzipiert wurde und seine Zuverl\u00e4ssigkeit bereits in einem Einzelhandelsgesch\u00e4ft mit mehr als 120.000 Ger\u00e4ten unter Beweis gestellt hat.","robots":{"index":"index","follow":"follow","max-snippet":"max-snippet:-1","max-image-preview":"max-image-preview:large","max-video-preview":"max-video-preview:-1"},"canonical":"https:\/\/www.vusion.com\/de\/produkte\/vusioncloud\/vusionox\/","og_locale":"de_DE","og_type":"article","og_title":"VusionOX | VusionGroup","og_description":"VusionOX, basierend auf Bluetooth LE, ist ein auf Skalierbarkeit ausgerichtetes Grundger\u00fcst, das speziell f\u00fcr Erweiterungen konzipiert wurde und seine Zuverl\u00e4ssigkeit bereits in einem Einzelhandelsgesch\u00e4ft mit mehr als 120.000 Ger\u00e4ten unter Beweis gestellt hat.","og_url":"https:\/\/www.vusion.com\/de\/produkte\/vusioncloud\/vusionox\/","og_site_name":"Vusion","article_modified_time":"2025-02-05T16:10:06+00:00","og_image":[{"width":600,"height":400,"url":"https:\/\/www.vusion.com\/wp-content\/uploads\/2024\/01\/Vusion_dark_V.png","type":"image\/png"}],"twitter_card":"summary_large_image","twitter_site":"@vusion","twitter_misc":{"Gesch\u00e4tzte Lesezeit":"5 Minuten"},"schema":{"@context":"https:\/\/schema.org","@graph":[{"@type":"WebPage","@id":"https:\/\/www.vusion.com\/de\/produkte\/vusioncloud\/vusionox\/","url":"https:\/\/www.vusion.com\/de\/produkte\/vusioncloud\/vusionox\/","name":"VusionOX | VusionGroup","isPartOf":{"@id":"https:\/\/www.vusion.com\/de\/#website"},"datePublished":"2023-12-11T14:36:17+00:00","dateModified":"2025-02-05T16:10:06+00:00","description":"VusionOX, basierend auf Bluetooth LE, ist ein auf Skalierbarkeit ausgerichtetes Grundger\u00fcst, das speziell f\u00fcr Erweiterungen konzipiert wurde und seine Zuverl\u00e4ssigkeit bereits in einem Einzelhandelsgesch\u00e4ft mit mehr als 120.000 Ger\u00e4ten unter Beweis gestellt hat.","breadcrumb":{"@id":"https:\/\/www.vusion.com\/de\/produkte\/vusioncloud\/vusionox\/#breadcrumb"},"inLanguage":"de-DE","potentialAction":[{"@type":"ReadAction","target":["https:\/\/www.vusion.com\/de\/produkte\/vusioncloud\/vusionox\/"]}]},{"@type":"BreadcrumbList","@id":"https:\/\/www.vusion.com\/de\/produkte\/vusioncloud\/vusionox\/#breadcrumb","itemListElement":[{"@type":"ListItem","position":1,"name":"Home","item":"https:\/\/www.vusion.com\/de\/"},{"@type":"ListItem","position":2,"name":"Produkte","item":"https:\/\/www.vusion.com\/de\/produkte\/"},{"@type":"ListItem","position":3,"name":"IoT Cloud Platform","item":"https:\/\/www.vusion.com\/de\/produkte\/vusioncloud\/"},{"@type":"ListItem","position":4,"name":"VusionOX"}]},{"@type":"WebSite","@id":"https:\/\/www.vusion.com\/de\/#website","url":"https:\/\/www.vusion.com\/de\/","name":"Vusion","description":"","publisher":{"@id":"https:\/\/www.vusion.com\/de\/#organization"},"potentialAction":[{"@type":"SearchAction","target":{"@type":"EntryPoint","urlTemplate":"https:\/\/www.vusion.com\/de\/?s={search_term_string}"},"query-input":{"@type":"PropertyValueSpecification","valueRequired":true,"valueName":"search_term_string"}}],"inLanguage":"de-DE"},{"@type":"Organization","@id":"https:\/\/www.vusion.com\/de\/#organization","name":"Vusion","alternateName":"Vusion","url":"https:\/\/www.vusion.com\/de\/","logo":{"@type":"ImageObject","inLanguage":"de-DE","@id":"https:\/\/www.vusion.com\/de\/#\/schema\/logo\/image\/","url":"https:\/\/www.vusion.com\/wp-content\/uploads\/2023\/12\/VusionLogo.svg","contentUrl":"https:\/\/www.vusion.com\/wp-content\/uploads\/2023\/12\/VusionLogo.svg","width":191,"height":31,"caption":"Vusion"},"image":{"@id":"https:\/\/www.vusion.com\/de\/#\/schema\/logo\/image\/"},"sameAs":["https:\/\/x.com\/vusion","https:\/\/www.linkedin.com\/company\/vusiongroup\/","https:\/\/www.instagram.com\/wearevusion\/","https:\/\/en.wikipedia.org\/wiki\/VusionGroup"]}]}},"_links":{"self":[{"href":"https:\/\/www.vusion.com\/de\/wp-json\/wp\/v2\/pages\/12013","targetHints":{"allow":["GET"]}}],"collection":[{"href":"https:\/\/www.vusion.com\/de\/wp-json\/wp\/v2\/pages"}],"about":[{"href":"https:\/\/www.vusion.com\/de\/wp-json\/wp\/v2\/types\/page"}],"author":[{"embeddable":true,"href":"https:\/\/www.vusion.com\/de\/wp-json\/wp\/v2\/users\/13"}],"replies":[{"embeddable":true,"href":"https:\/\/www.vusion.com\/de\/wp-json\/wp\/v2\/comments?post=12013"}],"version-history":[{"count":0,"href":"https:\/\/www.vusion.com\/de\/wp-json\/wp\/v2\/pages\/12013\/revisions"}],"up":[{"embeddable":true,"href":"https:\/\/www.vusion.com\/de\/wp-json\/wp\/v2\/pages\/19677"}],"wp:attachment":[{"href":"https:\/\/www.vusion.com\/de\/wp-json\/wp\/v2\/media?parent=12013"}],"curies":[{"name":"wp","href":"https:\/\/api.w.org\/{rel}","templated":true}]}}